{"id":20,"date":"2019-06-05T16:01:34","date_gmt":"2019-06-05T14:01:34","guid":{"rendered":"http:\/\/www.kulturgestalten.net\/?page_id=20"},"modified":"2026-01-12T10:06:20","modified_gmt":"2026-01-12T09:06:20","slug":"mitglied-werden","status":"publish","type":"page","link":"http:\/\/www.kulturgestalten.net\/index.php\/mitglied-werden\/","title":{"rendered":"Mitglied werden"},"content":{"rendered":"<section class=\"l-section wpb_row height_medium\"><div class=\"l-section-h i-cf\"><div class=\"g-cols vc_row via_flex valign_top type_default stacking_default\"><div class=\"vc_col-sm-12 wpb_column vc_column_container\"><div class=\"vc_column-inner\"><div class=\"wpb_wrapper\"><div class=\"wpb_text_column\"><div class=\"wpb_wrapper\"><p>Bereits mehr als 100 Mitglieder, seit unserer Gr\u00fcndung im November 2018, beteiligen sich mit viel Spa\u00df und Freude an unseren Projekten im Bereich der Jugendarbeit bzw. der Mitarbeit an neuen Inszenierungen.<\/p>\n<p>Diese Begeisterung und das gro\u00dfe Engagement unserer Mitglieder wurde 2019 mit der Nominierung zum <a href=\"http:\/\/www.lamathea.de\">Landesamatheurtheaterpreis &#8222;LAMATHEA&#8220;<\/a> Baden-W\u00fcrttemberg 2019 gew\u00fcrdigt.<\/p>\n<h2>Unterst\u00fctze uns<\/h2>\n<div class=\"page\" title=\"Page 2\">\n<div class=\"layoutArea\">\n<div class=\"column\">\n<ul>\n<li>Werde aktives Mitglied.<\/li>\n<li>Unterstu\u0308tze uns mit einer Fo\u0308rdermitgliedschaft.<\/li>\n<li>Beteilige Dich an ausgewa\u0308hlten Projekten.<\/li>\n<\/ul>\n<\/div>\n<\/div>\n<\/div>\n<\/div><\/div><div class=\"w-separator size_medium\"><\/div><div class=\"g-cols wpb_row via_flex valign_top type_default stacking_default\"><div class=\"vc_col-sm-2 wpb_column vc_column_container\"><div class=\"vc_column-inner\"><div class=\"wpb_wrapper\"><div class=\"w-person layout_circle\" itemscope itemtype=\"https:\/\/schema.org\/Person\"><div class=\"w-person-image\"><img loading=\"lazy\" decoding=\"async\" width=\"300\" height=\"300\" src=\"http:\/\/www.kulturgestalten.net\/wp-content\/uploads\/2026\/01\/tobi-2025-1-300x300.jpg\" class=\"attachment-us_300_300 size-us_300_300\" alt=\"\" itemprop=\"image\" srcset=\"http:\/\/www.kulturgestalten.net\/wp-content\/uploads\/2026\/01\/tobi-2025-1-300x300.jpg 300w, http:\/\/www.kulturgestalten.net\/wp-content\/uploads\/2026\/01\/tobi-2025-1-217x217.jpg 217w, http:\/\/www.kulturgestalten.net\/wp-content\/uploads\/2026\/01\/tobi-2025-1-400x400.jpg 400w, http:\/\/www.kulturgestalten.net\/wp-content\/uploads\/2026\/01\/tobi-2025-1-200x200.jpg 200w, http:\/\/www.kulturgestalten.net\/wp-content\/uploads\/2026\/01\/tobi-2025-1.jpg 591w\" sizes=\"auto, (max-width: 300px) 100vw, 300px\" \/><\/div><div class=\"w-person-content\"><h4 itemprop=\"name\" class=\"w-person-name\"><span>Tobias Brunner<\/span><\/h4><div class=\"w-person-role\" itemprop=\"jobTitle\">1. Vorsitzender<\/div><\/div><\/div><\/div><\/div><\/div><div class=\"vc_col-sm-2 wpb_column vc_column_container\"><div class=\"vc_column-inner\"><div class=\"wpb_wrapper\"><div class=\"w-person layout_circle\" itemscope itemtype=\"https:\/\/schema.org\/Person\"><div class=\"w-person-image\"><img loading=\"lazy\" decoding=\"async\" width=\"300\" height=\"300\" src=\"http:\/\/www.kulturgestalten.net\/wp-content\/uploads\/2019\/12\/linda.jpg\" class=\"attachment-us_300_300 size-us_300_300\" alt=\"\" itemprop=\"image\" srcset=\"http:\/\/www.kulturgestalten.net\/wp-content\/uploads\/2019\/12\/linda.jpg 591w, http:\/\/www.kulturgestalten.net\/wp-content\/uploads\/2019\/12\/linda-217x217.jpg 217w\" sizes=\"auto, (max-width: 300px) 100vw, 300px\" \/><\/div><div class=\"w-person-content\"><h4 itemprop=\"name\" class=\"w-person-name\"><span>Linda Schmidt<\/span><\/h4><div class=\"w-person-role\" itemprop=\"jobTitle\">2. Vorsitzender<\/div><\/div><\/div><\/div><\/div><\/div><div class=\"vc_col-sm-2 wpb_column vc_column_container\"><div class=\"vc_column-inner\"><div class=\"wpb_wrapper\"><div class=\"w-person layout_circle\" itemscope itemtype=\"https:\/\/schema.org\/Person\"><div class=\"w-person-image\"><img loading=\"lazy\" decoding=\"async\" width=\"300\" height=\"300\" src=\"http:\/\/www.kulturgestalten.net\/wp-content\/uploads\/2026\/01\/harry-2025-2-300x300.jpg\" class=\"attachment-us_300_300 size-us_300_300\" alt=\"\" itemprop=\"image\" srcset=\"http:\/\/www.kulturgestalten.net\/wp-content\/uploads\/2026\/01\/harry-2025-2-300x300.jpg 300w, http:\/\/www.kulturgestalten.net\/wp-content\/uploads\/2026\/01\/harry-2025-2-217x217.jpg 217w, http:\/\/www.kulturgestalten.net\/wp-content\/uploads\/2026\/01\/harry-2025-2-400x400.jpg 400w, http:\/\/www.kulturgestalten.net\/wp-content\/uploads\/2026\/01\/harry-2025-2-200x200.jpg 200w, http:\/\/www.kulturgestalten.net\/wp-content\/uploads\/2026\/01\/harry-2025-2.jpg 591w\" sizes=\"auto, (max-width: 300px) 100vw, 300px\" \/><\/div><div class=\"w-person-content\"><h4 itemprop=\"name\" class=\"w-person-name\"><span>Hariolf Baumann<\/span><\/h4><div class=\"w-person-role\" itemprop=\"jobTitle\">3. Vorsitzender<\/div><\/div><\/div><\/div><\/div><\/div><div class=\"vc_col-sm-2 wpb_column vc_column_container\"><div class=\"vc_column-inner\"><div class=\"wpb_wrapper\"><div class=\"w-person layout_circle\" itemscope itemtype=\"https:\/\/schema.org\/Person\"><div class=\"w-person-image\"><img loading=\"lazy\" decoding=\"async\" width=\"300\" height=\"300\" src=\"http:\/\/www.kulturgestalten.net\/wp-content\/uploads\/2019\/12\/manu.jpg\" class=\"attachment-us_300_300 size-us_300_300\" alt=\"\" itemprop=\"image\" srcset=\"http:\/\/www.kulturgestalten.net\/wp-content\/uploads\/2019\/12\/manu.jpg 591w, http:\/\/www.kulturgestalten.net\/wp-content\/uploads\/2019\/12\/manu-217x217.jpg 217w\" sizes=\"auto, (max-width: 300px) 100vw, 300px\" \/><\/div><div class=\"w-person-content\"><h4 itemprop=\"name\" class=\"w-person-name\"><span>Manuela Weible<\/span><\/h4><div class=\"w-person-role\" itemprop=\"jobTitle\">Finanzen<\/div><\/div><\/div><\/div><\/div><\/div><div class=\"vc_col-sm-2 wpb_column vc_column_container\"><div class=\"vc_column-inner\"><div class=\"wpb_wrapper\"><div class=\"w-person layout_circle\" itemscope itemtype=\"https:\/\/schema.org\/Person\"><div class=\"w-person-image\"><img loading=\"lazy\" decoding=\"async\" width=\"300\" height=\"300\" src=\"http:\/\/www.kulturgestalten.net\/wp-content\/uploads\/2026\/01\/astrid-2025-1-300x300.jpg\" class=\"attachment-us_300_300 size-us_300_300\" alt=\"\" itemprop=\"image\" srcset=\"http:\/\/www.kulturgestalten.net\/wp-content\/uploads\/2026\/01\/astrid-2025-1-300x300.jpg 300w, http:\/\/www.kulturgestalten.net\/wp-content\/uploads\/2026\/01\/astrid-2025-1-217x217.jpg 217w, http:\/\/www.kulturgestalten.net\/wp-content\/uploads\/2026\/01\/astrid-2025-1-400x400.jpg 400w, http:\/\/www.kulturgestalten.net\/wp-content\/uploads\/2026\/01\/astrid-2025-1-200x200.jpg 200w, http:\/\/www.kulturgestalten.net\/wp-content\/uploads\/2026\/01\/astrid-2025-1.jpg 591w\" sizes=\"auto, (max-width: 300px) 100vw, 300px\" \/><\/div><div class=\"w-person-content\"><h4 itemprop=\"name\" class=\"w-person-name\"><span>Astrid Zwick-Lamprecht<\/span><\/h4><div class=\"w-person-role\" itemprop=\"jobTitle\">Schriftf\u00fchrerin<\/div><\/div><\/div><\/div><\/div><\/div><div class=\"vc_col-sm-2 wpb_column vc_column_container\"><div class=\"vc_column-inner\"><div class=\"wpb_wrapper\"><\/div><\/div><\/div><\/div><div class=\"w-separator size_medium\"><\/div><div class=\"g-cols wpb_row via_flex valign_top type_default stacking_default\"><div class=\"vc_col-sm-12 wpb_column vc_column_container\"><div class=\"vc_column-inner\"><div class=\"wpb_wrapper\"><div class=\"wpb_text_column\"><div class=\"wpb_wrapper\"><h2>Downloads<\/h2>\n<p>Werde jetzt Mitglied und lade Dir unseren Mitgliedsantrag herunter.<\/p>\n<\/div><\/div><\/div><\/div><\/div><\/div><div class=\"w-separator size_medium\"><\/div><div class=\"g-cols wpb_row via_flex valign_top type_default stacking_default\"><div class=\"vc_col-sm-3 wpb_column vc_column_container\"><div class=\"vc_column-inner\"><div class=\"wpb_wrapper\"><div class=\"w-iconbox iconpos_left style_circle color_primary align_left no_text\"><a title=\"Mitgliedsantrag herunterladen\" href=\"http:\/\/www.kulturgestalten.net\/wp-content\/uploads\/2019\/10\/Mitgliedschaft-Kulturverein.pdf\" class=\"w-iconbox-link\" aria-label=\"Mitgliedsantrag der Kulturgestalten\"><div class=\"w-iconbox-icon\" style=\"font-size:16px;\"><i class=\"fas fa-file-download\"><\/i><\/div><\/a><div class=\"w-iconbox-meta\"><p class=\"w-iconbox-title\"><a title=\"Mitgliedsantrag herunterladen\" href=\"http:\/\/www.kulturgestalten.net\/wp-content\/uploads\/2019\/10\/Mitgliedschaft-Kulturverein.pdf\" class=\"w-iconbox-link\" aria-label=\"Mitgliedsantrag der Kulturgestalten\">Mitgliedsantrag der Kulturgestalten<\/a><\/p><\/div><\/div><\/div><\/div><\/div><div class=\"vc_col-sm-3 wpb_column vc_column_container\"><div class=\"vc_column-inner\"><div class=\"wpb_wrapper\"><div class=\"w-iconbox iconpos_left style_circle color_primary align_left no_text\"><a title=\"Datenschutzerkl\u00e4rung\" href=\"http:\/\/www.kulturgestalten.net\/wp-content\/uploads\/2019\/10\/Datenschutzklausel-zu-Mitgliedsantrag.pdf\" class=\"w-iconbox-link\" aria-label=\"Datenschutzerkl\u00e4rung zur Mitgliedschaft\"><div class=\"w-iconbox-icon\" style=\"font-size:16px;\"><i class=\"fas fa-file-download\"><\/i><\/div><\/a><div class=\"w-iconbox-meta\"><p class=\"w-iconbox-title\"><a title=\"Datenschutzerkl\u00e4rung\" href=\"http:\/\/www.kulturgestalten.net\/wp-content\/uploads\/2019\/10\/Datenschutzklausel-zu-Mitgliedsantrag.pdf\" class=\"w-iconbox-link\" aria-label=\"Datenschutzerkl\u00e4rung zur Mitgliedschaft\">Datenschutzerkl\u00e4rung zur Mitgliedschaft<\/a><\/p><\/div><\/div><\/div><\/div><\/div><div class=\"vc_col-sm-3 wpb_column vc_column_container\"><div class=\"vc_column-inner\"><div class=\"wpb_wrapper\"><div class=\"w-iconbox iconpos_left style_circle color_primary align_left no_text\"><a title=\"Satzung\" href=\"http:\/\/www.kulturgestalten.net\/wp-content\/uploads\/2020\/05\/Satzung-Web.pdf\" class=\"w-iconbox-link\" aria-label=\"Satzung des Kulturgestalten e.V.\"><div class=\"w-iconbox-icon\" style=\"font-size:16px;\"><i class=\"fas fa-file-download\"><\/i><\/div><\/a><div class=\"w-iconbox-meta\"><p class=\"w-iconbox-title\"><a title=\"Satzung\" href=\"http:\/\/www.kulturgestalten.net\/wp-content\/uploads\/2020\/05\/Satzung-Web.pdf\" class=\"w-iconbox-link\" aria-label=\"Satzung des Kulturgestalten e.V.\">Satzung des Kulturgestalten e.V.<\/a><\/p><\/div><\/div><\/div><\/div><\/div><div class=\"vc_col-sm-3 wpb_column vc_column_container\"><div class=\"vc_column-inner\"><div class=\"wpb_wrapper\"><div class=\"w-iconbox iconpos_left style_circle color_primary align_left no_text\"><a title=\"Einverst\u00e4ndnis Foto\" href=\"http:\/\/www.kulturgestalten.net\/wp-content\/uploads\/2019\/12\/Einversta\u0308ndniserkla\u0308rung-zu-Foto.pdf\" class=\"w-iconbox-link\" aria-label=\"Einversta\u0308ndniserkla\u0308rung zu Foto\/Video\"><div class=\"w-iconbox-icon\" style=\"font-size:16px;\"><i class=\"fas fa-file-download\"><\/i><\/div><\/a><div class=\"w-iconbox-meta\"><p class=\"w-iconbox-title\"><a title=\"Einverst\u00e4ndnis Foto\" href=\"http:\/\/www.kulturgestalten.net\/wp-content\/uploads\/2019\/12\/Einversta\u0308ndniserkla\u0308rung-zu-Foto.pdf\" class=\"w-iconbox-link\" aria-label=\"Einversta\u0308ndniserkla\u0308rung zu Foto\/Video\">Einversta\u0308ndniserkla\u0308rung zu Foto\/Video<\/a><\/p><\/div><\/div><\/div><\/div><\/div><\/div><\/div><\/div><\/div><\/div><\/div><\/section>\n","protected":false},"excerpt":{"rendered":"Bereits mehr als 100 Mitglieder, seit unserer Gr\u00fcndung im November 2018, beteiligen sich mit viel Spa\u00df und Freude an unseren Projekten im Bereich der Jugendarbeit bzw. der Mitarbeit an neuen Inszenierungen. Diese Begeisterung und das gro\u00dfe Engagement unserer Mitglieder wurde 2019 mit der Nominierung zum Landesamatheurtheaterpreis &#8222;LAMATHEA&#8220; Baden-W\u00fcrttemberg 2019 gew\u00fcrdigt. Unterst\u00fctze uns Werde aktives Mitglied....","protected":false},"author":1,"featured_media":0,"parent":0,"menu_order":0,"comment_status":"closed","ping_status":"closed","template":"","meta":{"_acf_changed":false,"inline_featured_image":false,"footnotes":""},"class_list":["post-20","page","type-page","status-publish","hentry"],"acf":[],"_links":{"self":[{"href":"http:\/\/www.kulturgestalten.net\/index.php\/wp-json\/wp\/v2\/pages\/20","targetHints":{"allow":["GET"]}}],"collection":[{"href":"http:\/\/www.kulturgestalten.net\/index.php\/wp-json\/wp\/v2\/pages"}],"about":[{"href":"http:\/\/www.kulturgestalten.net\/index.php\/wp-json\/wp\/v2\/types\/page"}],"author":[{"embeddable":true,"href":"http:\/\/www.kulturgestalten.net\/index.php\/wp-json\/wp\/v2\/users\/1"}],"replies":[{"embeddable":true,"href":"http:\/\/www.kulturgestalten.net\/index.php\/wp-json\/wp\/v2\/comments?post=20"}],"version-history":[{"count":65,"href":"http:\/\/www.kulturgestalten.net\/index.php\/wp-json\/wp\/v2\/pages\/20\/revisions"}],"predecessor-version":[{"id":9326,"href":"http:\/\/www.kulturgestalten.net\/index.php\/wp-json\/wp\/v2\/pages\/20\/revisions\/9326"}],"wp:attachment":[{"href":"http:\/\/www.kulturgestalten.net\/index.php\/wp-json\/wp\/v2\/media?parent=20"}],"curies":[{"name":"wp","href":"https:\/\/api.w.org\/{rel}","templated":true}]}}